{"id":1415,"date":"2024-06-04T18:50:22","date_gmt":"2024-06-04T18:50:22","guid":{"rendered":"https:\/\/alexsa-fixing.es\/?page_id=1415"},"modified":"2024-06-04T19:00:27","modified_gmt":"2024-06-04T19:00:27","slug":"bz-seismic-ce1-anclaje-macho","status":"publish","type":"page","link":"https:\/\/alexsa-fixing.es\/index.php\/bz-seismic-ce1-anclaje-macho\/","title":{"rendered":"BZ SEISMIC CE1 Anclaje Macho"},"content":{"rendered":"\t\t<div data-elementor-type=\"wp-page\" data-elementor-id=\"1415\" class=\"elementor elementor-1415\">\n\t\t\t\t<div class=\"elementor-element elementor-element-81c578e e-grid e-con-boxed e-con e-parent\" data-id=\"81c578e\" data-element_type=\"container\">\n\t\t\t\t\t<div class=\"e-con-inner\">\n\t\t\t\t<div class=\"elementor-element elementor-element-f29083e elementor-widget elementor-widget-heading\" data-id=\"f29083e\" data-element_type=\"widget\" data-widget_type=\"heading.default\">\n\t\t\t\t<div class=\"elementor-widget-container\">\n\t\t\t\t\t<h2 class=\"elementor-heading-title elementor-size-default\">BZ SEISMIC CE1 Anclaje macho para hormig\u00f3n. Opci\u00f3n 1<\/h2>\t\t\t\t<\/div>\n\t\t\t\t<\/div>\n\t\t\t\t\t<\/div>\n\t\t\t\t<\/div>\n\t\t<div class=\"elementor-element elementor-element-0a3aa70 e-grid e-con-boxed e-con e-parent\" data-id=\"0a3aa70\" data-element_type=\"container\">\n\t\t\t\t\t<div class=\"e-con-inner\">\n\t\t\t\t<div class=\"elementor-element elementor-element-9ab9b89 elementor-widget elementor-widget-image\" data-id=\"9ab9b89\" data-element_type=\"widget\" data-widget_type=\"image.default\">\n\t\t\t\t<div class=\"elementor-widget-container\">\n\t\t\t\t\t\t\t\t\t\t\t\t\t\t\t<img fetchpriority=\"high\" decoding=\"async\" width=\"900\" height=\"265\" src=\"https:\/\/alexsa-fixing.es\/wp-content\/uploads\/2024\/05\/SITACE1TTSKS-e1717530134850.jpg\" class=\"attachment-full size-full wp-image-1089\" alt=\"\" srcset=\"https:\/\/alexsa-fixing.es\/wp-content\/uploads\/2024\/05\/SITACE1TTSKS-e1717530134850.jpg 900w, https:\/\/alexsa-fixing.es\/wp-content\/uploads\/2024\/05\/SITACE1TTSKS-e1717530134850-300x88.jpg 300w, https:\/\/alexsa-fixing.es\/wp-content\/uploads\/2024\/05\/SITACE1TTSKS-e1717530134850-768x226.jpg 768w, https:\/\/alexsa-fixing.es\/wp-content\/uploads\/2024\/05\/SITACE1TTSKS-e1717530134850-600x177.jpg 600w\" sizes=\"(max-width: 900px) 100vw, 900px\" \/>\t\t\t\t\t\t\t\t\t\t\t\t\t\t\t<\/div>\n\t\t\t\t<\/div>\n\t\t\t\t<div class=\"elementor-element elementor-element-0dae7f5 elementor-widget elementor-widget-image-gallery\" data-id=\"0dae7f5\" data-element_type=\"widget\" data-widget_type=\"image-gallery.default\">\n\t\t\t\t<div class=\"elementor-widget-container\">\n\t\t\t\t\t\t\t<div class=\"elementor-image-gallery\">\n\t\t\t<div id='gallery-1' class='gallery galleryid-1415 gallery-columns-2 gallery-size-full'><figure class='gallery-item'>\n\t\t\t<div class='gallery-icon landscape'>\n\t\t\t\t<a data-elementor-open-lightbox=\"yes\" data-elementor-lightbox-slideshow=\"0dae7f5\" data-elementor-lightbox-title=\"BSZ 04\" data-e-action-hash=\"#elementor-action%3Aaction%3Dlightbox%26settings%3DeyJpZCI6MTQxOSwidXJsIjoiaHR0cHM6XC9cL2FsZXhzYS1maXhpbmcuZXNcL3dwLWNvbnRlbnRcL3VwbG9hZHNcLzIwMjRcLzA2XC9CU1otMDQuanBnIiwic2xpZGVzaG93IjoiMGRhZTdmNSJ9\" href='https:\/\/alexsa-fixing.es\/wp-content\/uploads\/2024\/06\/BSZ-04.jpg'><img decoding=\"async\" width=\"1488\" height=\"1365\" src=\"https:\/\/alexsa-fixing.es\/wp-content\/uploads\/2024\/06\/BSZ-04.jpg\" class=\"attachment-full size-full\" alt=\"\" srcset=\"https:\/\/alexsa-fixing.es\/wp-content\/uploads\/2024\/06\/BSZ-04.jpg 1488w, https:\/\/alexsa-fixing.es\/wp-content\/uploads\/2024\/06\/BSZ-04-300x275.jpg 300w, https:\/\/alexsa-fixing.es\/wp-content\/uploads\/2024\/06\/BSZ-04-1024x939.jpg 1024w, https:\/\/alexsa-fixing.es\/wp-content\/uploads\/2024\/06\/BSZ-04-768x705.jpg 768w, https:\/\/alexsa-fixing.es\/wp-content\/uploads\/2024\/06\/BSZ-04-600x550.jpg 600w\" sizes=\"(max-width: 1488px) 100vw, 1488px\" \/><\/a>\n\t\t\t<\/div><\/figure><figure class='gallery-item'>\n\t\t\t<div class='gallery-icon portrait'>\n\t\t\t\t<a data-elementor-open-lightbox=\"yes\" data-elementor-lightbox-slideshow=\"0dae7f5\" data-elementor-lightbox-title=\"BVMU 03\" data-e-action-hash=\"#elementor-action%3Aaction%3Dlightbox%26settings%3DeyJpZCI6MTQyMCwidXJsIjoiaHR0cHM6XC9cL2FsZXhzYS1maXhpbmcuZXNcL3dwLWNvbnRlbnRcL3VwbG9hZHNcLzIwMjRcLzA2XC9CVk1VLTAzLmpwZyIsInNsaWRlc2hvdyI6IjBkYWU3ZjUifQ%3D%3D\" href='https:\/\/alexsa-fixing.es\/wp-content\/uploads\/2024\/06\/BVMU-03.jpg'><img decoding=\"async\" width=\"528\" height=\"529\" src=\"https:\/\/alexsa-fixing.es\/wp-content\/uploads\/2024\/06\/BVMU-03.jpg\" class=\"attachment-full size-full\" alt=\"\" srcset=\"https:\/\/alexsa-fixing.es\/wp-content\/uploads\/2024\/06\/BVMU-03.jpg 528w, https:\/\/alexsa-fixing.es\/wp-content\/uploads\/2024\/06\/BVMU-03-300x300.jpg 300w, https:\/\/alexsa-fixing.es\/wp-content\/uploads\/2024\/06\/BVMU-03-150x150.jpg 150w, https:\/\/alexsa-fixing.es\/wp-content\/uploads\/2024\/06\/BVMU-03-100x100.jpg 100w\" sizes=\"(max-width: 528px) 100vw, 528px\" \/><\/a>\n\t\t\t<\/div><\/figure>\n\t\t<\/div>\n\t\t<\/div>\n\t\t\t\t\t\t<\/div>\n\t\t\t\t<\/div>\n\t\t\t\t\t<\/div>\n\t\t\t\t<\/div>\n\t\t<div class=\"elementor-element elementor-element-13cd253 e-grid e-con-full e-con e-parent\" data-id=\"13cd253\" data-element_type=\"container\">\n\t\t\t\t<div class=\"elementor-element elementor-element-4a2b880 elementor-widget__width-initial elementor-widget elementor-widget-text-editor\" data-id=\"4a2b880\" data-element_type=\"widget\" data-widget_type=\"text-editor.default\">\n\t\t\t\t<div class=\"elementor-widget-container\">\n\t\t\t\t\t\t\t\t\t<p><b>Taco macho de rosca externa para cargas medias y altas en hormig\u00f3n fisurado y no fisurado.<\/b><\/p><p>\u25ba Anclaje dise\u00f1ado para la fijaci\u00f3n estructural sobre soportes s\u00f3lidos.<br \/>\u25ba Certificado CE Opci\u00f3n 1, para uso en soportes de hormig\u00f3n fisurados y no fisurados<br \/>\u25ba Certificado para fijaciones en zona s\u00edsmica Cat. C1 = M10 -M20; Cat. C2 = M12-M20<br \/>\u25ba Resistencia al fuego certificada R120 seg\u00fan DIN 4102-2<br \/>\u25ba Acero prensado en fr\u00edo<br \/>\u25ba Altos valores de extracci\u00f3n<br \/>\u25ba Clip de expansi\u00f3n sherardizado especial de 3 sectores<br \/>\u25ba Adecuado para aplicaciones sobre soportes s\u00f3lidos: piedra, hormig\u00f3n.<br \/>\u25ba Dise\u00f1ado para fijaci\u00f3n pasante.<br \/>\u25ba Permite distancias m\u00ednimas al borde y entre anclajes.<\/p><p><script src=\"moz-extension:\/\/88936c4d-41d0-4b6a-95db-930e72fb6307\/js\/app.js\" type=\"text\/javascript\"><\/script><\/p>\t\t\t\t\t\t\t\t<\/div>\n\t\t\t\t<\/div>\n\t\t\t\t<div class=\"elementor-element elementor-element-cad3e1c elementor-widget elementor-widget-text-editor\" data-id=\"cad3e1c\" data-element_type=\"widget\" data-widget_type=\"text-editor.default\">\n\t\t\t\t<div class=\"elementor-widget-container\">\n\t\t\t\t\t\t\t\t\t<p><b>\u25ba Aplicaciones<\/b><\/p><p>Cargas medias y altas en interiores de estructuras met\u00e1licas, soportes, m\u00e1quinas, carriles, abrazaderas, barandillas, bandejas para cableado, conductos, estantes.<\/p><p><img loading=\"lazy\" decoding=\"async\" class=\"wp-image-1421 alignleft\" src=\"https:\/\/alexsa-fixing.es\/wp-content\/uploads\/2024\/06\/Imagen2-1-300x258.jpg\" alt=\"\" width=\"137\" height=\"118\" srcset=\"https:\/\/alexsa-fixing.es\/wp-content\/uploads\/2024\/06\/Imagen2-1-300x258.jpg 300w, https:\/\/alexsa-fixing.es\/wp-content\/uploads\/2024\/06\/Imagen2-1-600x517.jpg 600w, https:\/\/alexsa-fixing.es\/wp-content\/uploads\/2024\/06\/Imagen2-1.jpg 743w\" sizes=\"(max-width: 137px) 100vw, 137px\" \/> <img loading=\"lazy\" decoding=\"async\" class=\"wp-image-1422 alignleft\" src=\"https:\/\/alexsa-fixing.es\/wp-content\/uploads\/2024\/06\/Imagen5-293x300.jpg\" alt=\"\" width=\"124\" height=\"127\" srcset=\"https:\/\/alexsa-fixing.es\/wp-content\/uploads\/2024\/06\/Imagen5-293x300.jpg 293w, https:\/\/alexsa-fixing.es\/wp-content\/uploads\/2024\/06\/Imagen5.jpg 538w\" sizes=\"(max-width: 124px) 100vw, 124px\" \/><\/p><p>\u00a0<\/p>\t\t\t\t\t\t\t\t<\/div>\n\t\t\t\t<\/div>\n\t\t\t\t<\/div>\n\t\t<div class=\"elementor-element elementor-element-67dba80 e-flex e-con-boxed e-con e-parent\" data-id=\"67dba80\" data-element_type=\"container\">\n\t\t\t\t\t<div class=\"e-con-inner\">\n\t\t\t\t<div class=\"elementor-element elementor-element-93d5c14 elementor-widget elementor-widget-image\" data-id=\"93d5c14\" data-element_type=\"widget\" data-widget_type=\"image.default\">\n\t\t\t\t<div class=\"elementor-widget-container\">\n\t\t\t\t\t\t\t\t\t\t\t\t\t\t\t<img loading=\"lazy\" decoding=\"async\" width=\"1681\" height=\"677\" src=\"https:\/\/alexsa-fixing.es\/wp-content\/uploads\/2024\/06\/BZ-SEISMIC-TABLA.jpg\" class=\"attachment-full size-full wp-image-1426\" alt=\"\" srcset=\"https:\/\/alexsa-fixing.es\/wp-content\/uploads\/2024\/06\/BZ-SEISMIC-TABLA.jpg 1681w, https:\/\/alexsa-fixing.es\/wp-content\/uploads\/2024\/06\/BZ-SEISMIC-TABLA-300x121.jpg 300w, https:\/\/alexsa-fixing.es\/wp-content\/uploads\/2024\/06\/BZ-SEISMIC-TABLA-1024x412.jpg 1024w, https:\/\/alexsa-fixing.es\/wp-content\/uploads\/2024\/06\/BZ-SEISMIC-TABLA-768x309.jpg 768w, https:\/\/alexsa-fixing.es\/wp-content\/uploads\/2024\/06\/BZ-SEISMIC-TABLA-1536x619.jpg 1536w, https:\/\/alexsa-fixing.es\/wp-content\/uploads\/2024\/06\/BZ-SEISMIC-TABLA-600x242.jpg 600w\" sizes=\"(max-width: 1681px) 100vw, 1681px\" \/>\t\t\t\t\t\t\t\t\t\t\t\t\t\t\t<\/div>\n\t\t\t\t<\/div>\n\t\t\t\t\t<\/div>\n\t\t\t\t<\/div>\n\t\t<div class=\"elementor-element elementor-element-1cf5085 e-flex e-con-boxed e-con e-parent\" data-id=\"1cf5085\" data-element_type=\"container\">\n\t\t\t\t\t<div class=\"e-con-inner\">\n\t\t\t\t<div class=\"elementor-element elementor-element-fd3a65f elementor-widget-divider--view-line elementor-widget elementor-widget-divider\" data-id=\"fd3a65f\" data-element_type=\"widget\" data-widget_type=\"divider.default\">\n\t\t\t\t<div class=\"elementor-widget-container\">\n\t\t\t\t\t\t\t<div class=\"elementor-divider\">\n\t\t\t<span class=\"elementor-divider-separator\">\n\t\t\t\t\t\t<\/span>\n\t\t<\/div>\n\t\t\t\t\t\t<\/div>\n\t\t\t\t<\/div>\n\t\t\t\t\t<\/div>\n\t\t\t\t<\/div>\n\t\t<div class=\"elementor-element elementor-element-2819bed e-flex e-con-boxed e-con e-parent\" data-id=\"2819bed\" data-element_type=\"container\">\n\t\t\t\t\t<div class=\"e-con-inner\">\n\t\t\t\t<div class=\"elementor-element elementor-element-ccb2382 elementor-tabs-view-horizontal elementor-widget elementor-widget-tabs\" data-id=\"ccb2382\" data-element_type=\"widget\" data-widget_type=\"tabs.default\">\n\t\t\t\t<div class=\"elementor-widget-container\">\n\t\t\t\t\t\t\t<div class=\"elementor-tabs\">\n\t\t\t<div class=\"elementor-tabs-wrapper\" role=\"tablist\" >\n\t\t\t\t\t\t\t\t\t<div id=\"elementor-tab-title-2141\" class=\"elementor-tab-title elementor-tab-desktop-title\" aria-selected=\"true\" data-tab=\"1\" role=\"tab\" tabindex=\"0\" aria-controls=\"elementor-tab-content-2141\" aria-expanded=\"false\">Ficha de Producto<\/div>\n\t\t\t\t\t\t\t\t\t<div id=\"elementor-tab-title-2142\" class=\"elementor-tab-title elementor-tab-desktop-title\" aria-selected=\"false\" data-tab=\"2\" role=\"tab\" tabindex=\"-1\" aria-controls=\"elementor-tab-content-2142\" aria-expanded=\"false\">Certificados \/ Homologaciones<\/div>\n\t\t\t\t\t\t\t<\/div>\n\t\t\t<div class=\"elementor-tabs-content-wrapper\" role=\"tablist\" aria-orientation=\"vertical\">\n\t\t\t\t\t\t\t\t\t<div class=\"elementor-tab-title elementor-tab-mobile-title\" aria-selected=\"true\" data-tab=\"1\" role=\"tab\" tabindex=\"0\" aria-controls=\"elementor-tab-content-2141\" aria-expanded=\"false\">Ficha de Producto<\/div>\n\t\t\t\t\t<div id=\"elementor-tab-content-2141\" class=\"elementor-tab-content elementor-clearfix\" data-tab=\"1\" role=\"tabpanel\" aria-labelledby=\"elementor-tab-title-2141\" tabindex=\"0\" hidden=\"false\"><p><a href=\"https:\/\/alexsa-fixing.es\/wp-content\/uploads\/2024\/06\/BZ-SEISMIC.pdf\">BZ SEISMIC<\/a><\/p><script src=\"moz-extension:\/\/88936c4d-41d0-4b6a-95db-930e72fb6307\/js\/app.js\" type=\"text\/javascript\"><\/script><\/div>\n\t\t\t\t\t\t\t\t\t<div class=\"elementor-tab-title elementor-tab-mobile-title\" aria-selected=\"false\" data-tab=\"2\" role=\"tab\" tabindex=\"-1\" aria-controls=\"elementor-tab-content-2142\" aria-expanded=\"false\">Certificados \/ Homologaciones<\/div>\n\t\t\t\t\t<div id=\"elementor-tab-content-2142\" class=\"elementor-tab-content elementor-clearfix\" data-tab=\"2\" role=\"tabpanel\" aria-labelledby=\"elementor-tab-title-2142\" tabindex=\"0\" hidden=\"hidden\"><p><script src=\"moz-extension:\/\/88936c4d-41d0-4b6a-95db-930e72fb6307\/js\/app.js\" type=\"text\/javascript\"><\/script><\/p><p><script src=\"moz-extension:\/\/88936c4d-41d0-4b6a-95db-930e72fb6307\/js\/app.js\" type=\"text\/javascript\"><\/script><\/p><p><script src=\"moz-extension:\/\/88936c4d-41d0-4b6a-95db-930e72fb6307\/js\/app.js\" type=\"text\/javascript\"><\/script><\/p><p><script src=\"moz-extension:\/\/88936c4d-41d0-4b6a-95db-930e72fb6307\/js\/app.js\" type=\"text\/javascript\"><\/script><\/p><p><script src=\"moz-extension:\/\/88936c4d-41d0-4b6a-95db-930e72fb6307\/js\/app.js\" type=\"text\/javascript\"><\/script><\/p><\/div>\n\t\t\t\t\t\t\t<\/div>\n\t\t<\/div>\n\t\t\t\t\t\t<\/div>\n\t\t\t\t<\/div>\n\t\t\t\t\t<\/div>\n\t\t\t\t<\/div>\n\t\t<div class=\"elementor-element elementor-element-652f5b0 e-flex e-con-boxed e-con e-parent\" data-id=\"652f5b0\" data-element_type=\"container\">\n\t\t\t\t\t<div class=\"e-con-inner\">\n\t\t\t\t<div class=\"elementor-element elementor-element-2745f66 elementor-widget-divider--view-line elementor-widget elementor-widget-divider\" data-id=\"2745f66\" data-element_type=\"widget\" data-widget_type=\"divider.default\">\n\t\t\t\t<div class=\"elementor-widget-container\">\n\t\t\t\t\t\t\t<div class=\"elementor-divider\">\n\t\t\t<span class=\"elementor-divider-separator\">\n\t\t\t\t\t\t<\/span>\n\t\t<\/div>\n\t\t\t\t\t\t<\/div>\n\t\t\t\t<\/div>\n\t\t\t\t\t<\/div>\n\t\t\t\t<\/div>\n\t\t<div class=\"elementor-element elementor-element-0c75f61 e-flex e-con-boxed e-con e-parent\" data-id=\"0c75f61\" data-element_type=\"container\">\n\t\t\t\t\t<div class=\"e-con-inner\">\n\t\t\t\t<div class=\"elementor-element elementor-element-4f47a52 elementor-widget__width-initial elementor-arrows-position-inside elementor-pagination-position-outside elementor-widget elementor-widget-image-carousel\" data-id=\"4f47a52\" data-element_type=\"widget\" data-settings=\"{&quot;slides_to_show&quot;:&quot;4&quot;,&quot;navigation&quot;:&quot;both&quot;,&quot;autoplay&quot;:&quot;yes&quot;,&quot;pause_on_hover&quot;:&quot;yes&quot;,&quot;pause_on_interaction&quot;:&quot;yes&quot;,&quot;autoplay_speed&quot;:5000,&quot;infinite&quot;:&quot;yes&quot;,&quot;speed&quot;:500}\" data-widget_type=\"image-carousel.default\">\n\t\t\t\t<div class=\"elementor-widget-container\">\n\t\t\t\t\t\t\t<div class=\"elementor-image-carousel-wrapper swiper\" role=\"region\" aria-roledescription=\"carousel\" aria-label=\"Carrusel de im\u00e1genes\" dir=\"ltr\">\n\t\t\t<div class=\"elementor-image-carousel swiper-wrapper\" aria-live=\"off\">\n\t\t\t\t\t\t\t\t<div class=\"swiper-slide\" role=\"group\" aria-roledescription=\"slide\" aria-label=\"1 de 4\"><figure class=\"swiper-slide-inner\"><img decoding=\"async\" class=\"swiper-slide-image\" src=\"https:\/\/alexsa-fixing.es\/wp-content\/uploads\/2024\/05\/clickeasy_hbs_3d_f70834-scaled.jpg\" alt=\"clickeasy_hbs_3d_f70834\" \/><\/figure><\/div><div class=\"swiper-slide\" role=\"group\" aria-roledescription=\"slide\" aria-label=\"2 de 4\"><figure class=\"swiper-slide-inner\"><img decoding=\"async\" class=\"swiper-slide-image\" src=\"https:\/\/alexsa-fixing.es\/wp-content\/uploads\/2024\/05\/hd.8x80.lh14384-scaled.jpg\" alt=\"hd.8x80.lh14384\" \/><\/figure><\/div><div class=\"swiper-slide\" role=\"group\" aria-roledescription=\"slide\" aria-label=\"3 de 4\"><figure class=\"swiper-slide-inner\"><img decoding=\"async\" class=\"swiper-slide-image\" src=\"https:\/\/alexsa-fixing.es\/wp-content\/uploads\/2024\/05\/rail.collection.lh9544-1-scaled.jpg\" alt=\"rail.collection.lh9544\" \/><\/figure><\/div><div class=\"swiper-slide\" role=\"group\" aria-roledescription=\"slide\" aria-label=\"4 de 4\"><figure class=\"swiper-slide-inner\"><img decoding=\"async\" class=\"swiper-slide-image\" src=\"https:\/\/alexsa-fixing.es\/wp-content\/uploads\/2024\/05\/fss.clickfit.m.lh5824-scaled-e1716459941918.jpg\" alt=\"fss.clickfit.m.lh5824\" \/><\/figure><\/div>\t\t\t<\/div>\n\t\t\t\t\t\t\t\t\t\t\t\t<div class=\"elementor-swiper-button elementor-swiper-button-prev\" role=\"button\" tabindex=\"0\">\n\t\t\t\t\t\t<svg aria-hidden=\"true\" class=\"e-font-icon-svg e-eicon-chevron-left\" viewBox=\"0 0 1000 1000\" xmlns=\"http:\/\/www.w3.org\/2000\/svg\"><path d=\"M646 125C629 125 613 133 604 142L308 442C296 454 292 471 292 487 292 504 296 521 308 533L604 854C617 867 629 875 646 875 663 875 679 871 692 858 704 846 713 829 713 812 713 796 708 779 692 767L438 487 692 225C700 217 708 204 708 187 708 171 704 154 692 142 675 129 663 125 646 125Z\"><\/path><\/svg>\t\t\t\t\t<\/div>\n\t\t\t\t\t<div class=\"elementor-swiper-button elementor-swiper-button-next\" role=\"button\" tabindex=\"0\">\n\t\t\t\t\t\t<svg aria-hidden=\"true\" class=\"e-font-icon-svg e-eicon-chevron-right\" viewBox=\"0 0 1000 1000\" xmlns=\"http:\/\/www.w3.org\/2000\/svg\"><path d=\"M696 533C708 521 713 504 713 487 713 471 708 454 696 446L400 146C388 133 375 125 354 125 338 125 325 129 313 142 300 154 292 171 292 187 292 204 296 221 308 233L563 492 304 771C292 783 288 800 288 817 288 833 296 850 308 863 321 871 338 875 354 875 371 875 388 867 400 854L696 533Z\"><\/path><\/svg>\t\t\t\t\t<\/div>\n\t\t\t\t\n\t\t\t\t\t\t\t\t\t<div class=\"swiper-pagination\"><\/div>\n\t\t\t\t\t\t\t\t\t<\/div>\n\t\t\t\t\t\t<\/div>\n\t\t\t\t<\/div>\n\t\t\t\t\t<\/div>\n\t\t\t\t<\/div>\n\t\t\t\t<\/div>\n\t\t","protected":false},"excerpt":{"rendered":"<p>BZ SEISMIC CE1 Anclaje macho para hormig\u00f3n. Opci\u00f3n 1 Taco macho de rosca externa para cargas medias y altas en hormig\u00f3n fisurado y no fisurado. \u25ba Anclaje dise\u00f1ado para la fijaci\u00f3n estructural sobre soportes s\u00f3lidos.\u25ba Certificado CE Opci\u00f3n 1, para uso en soportes de hormig\u00f3n fisurados y no fisurados\u25ba Certificado para fijaciones en zona s\u00edsmica [&hellip;]<\/p>\n","protected":false},"author":1,"featured_media":0,"parent":0,"menu_order":0,"comment_status":"closed","ping_status":"closed","template":"","meta":{"footnotes":""},"class_list":["post-1415","page","type-page","status-publish","hentry"],"_links":{"self":[{"href":"https:\/\/alexsa-fixing.es\/index.php\/wp-json\/wp\/v2\/pages\/1415","targetHints":{"allow":["GET"]}}],"collection":[{"href":"https:\/\/alexsa-fixing.es\/index.php\/wp-json\/wp\/v2\/pages"}],"about":[{"href":"https:\/\/alexsa-fixing.es\/index.php\/wp-json\/wp\/v2\/types\/page"}],"author":[{"embeddable":true,"href":"https:\/\/alexsa-fixing.es\/index.php\/wp-json\/wp\/v2\/users\/1"}],"replies":[{"embeddable":true,"href":"https:\/\/alexsa-fixing.es\/index.php\/wp-json\/wp\/v2\/comments?post=1415"}],"version-history":[{"count":7,"href":"https:\/\/alexsa-fixing.es\/index.php\/wp-json\/wp\/v2\/pages\/1415\/revisions"}],"predecessor-version":[{"id":1430,"href":"https:\/\/alexsa-fixing.es\/index.php\/wp-json\/wp\/v2\/pages\/1415\/revisions\/1430"}],"wp:attachment":[{"href":"https:\/\/alexsa-fixing.es\/index.php\/wp-json\/wp\/v2\/media?parent=1415"}],"curies":[{"name":"wp","href":"https:\/\/api.w.org\/{rel}","templated":true}]}}