{"id":12,"date":"2024-05-16T19:47:51","date_gmt":"2024-05-16T19:47:51","guid":{"rendered":"https:\/\/alexsa-fixing.es\/?page_id=12"},"modified":"2024-05-23T16:56:07","modified_gmt":"2024-05-23T16:56:07","slug":"elementor-12","status":"publish","type":"page","link":"https:\/\/alexsa-fixing.es\/","title":{"rendered":"INICIO"},"content":{"rendered":"\t\t<div data-elementor-type=\"wp-page\" data-elementor-id=\"12\" class=\"elementor elementor-12\">\n\t\t\t\t<div class=\"elementor-element elementor-element-6daa01f e-flex e-con-boxed e-con e-parent\" data-id=\"6daa01f\" data-element_type=\"container\">\n\t\t\t\t\t<div class=\"e-con-inner\">\n\t\t\t\t<div class=\"elementor-element elementor-element-3c1986d elementor-widget elementor-widget-image\" data-id=\"3c1986d\" data-element_type=\"widget\" data-widget_type=\"image.default\">\n\t\t\t\t<div class=\"elementor-widget-container\">\n\t\t\t\t\t\t\t\t\t\t\t\t\t\t\t<img fetchpriority=\"high\" decoding=\"async\" width=\"1536\" height=\"560\" src=\"https:\/\/alexsa-fixing.es\/wp-content\/uploads\/2024\/05\/BTS-LOGO-BLANCO-1536x560.jpg\" class=\"attachment-1536x1536 size-1536x1536 wp-image-17\" alt=\"\" srcset=\"https:\/\/alexsa-fixing.es\/wp-content\/uploads\/2024\/05\/BTS-LOGO-BLANCO-1536x560.jpg 1536w, https:\/\/alexsa-fixing.es\/wp-content\/uploads\/2024\/05\/BTS-LOGO-BLANCO-600x219.jpg 600w, https:\/\/alexsa-fixing.es\/wp-content\/uploads\/2024\/05\/BTS-LOGO-BLANCO-300x109.jpg 300w, https:\/\/alexsa-fixing.es\/wp-content\/uploads\/2024\/05\/BTS-LOGO-BLANCO-1024x373.jpg 1024w, https:\/\/alexsa-fixing.es\/wp-content\/uploads\/2024\/05\/BTS-LOGO-BLANCO-768x280.jpg 768w, https:\/\/alexsa-fixing.es\/wp-content\/uploads\/2024\/05\/BTS-LOGO-BLANCO-2048x746.jpg 2048w\" sizes=\"(max-width: 1536px) 100vw, 1536px\" \/>\t\t\t\t\t\t\t\t\t\t\t\t\t\t\t<\/div>\n\t\t\t\t<\/div>\n\t\t\t\t\t<\/div>\n\t\t\t\t<\/div>\n\t\t<div class=\"elementor-element elementor-element-51a3696 e-flex e-con-boxed e-con e-parent\" data-id=\"51a3696\" data-element_type=\"container\">\n\t\t\t\t\t<div class=\"e-con-inner\">\n\t\t\t\t<div class=\"elementor-element elementor-element-68b25f5 elementor-widget elementor-widget-image\" data-id=\"68b25f5\" data-element_type=\"widget\" data-widget_type=\"image.default\">\n\t\t\t\t<div class=\"elementor-widget-container\">\n\t\t\t\t\t\t\t\t\t\t\t\t\t\t\t<img decoding=\"async\" width=\"1024\" height=\"206\" src=\"https:\/\/alexsa-fixing.es\/wp-content\/uploads\/2024\/05\/beto-logo-Chrome-black-1024x206.png\" class=\"attachment-large size-large wp-image-14\" alt=\"\" srcset=\"https:\/\/alexsa-fixing.es\/wp-content\/uploads\/2024\/05\/beto-logo-Chrome-black-1024x206.png 1024w, https:\/\/alexsa-fixing.es\/wp-content\/uploads\/2024\/05\/beto-logo-Chrome-black-600x121.png 600w, https:\/\/alexsa-fixing.es\/wp-content\/uploads\/2024\/05\/beto-logo-Chrome-black-300x60.png 300w, https:\/\/alexsa-fixing.es\/wp-content\/uploads\/2024\/05\/beto-logo-Chrome-black-768x154.png 768w, https:\/\/alexsa-fixing.es\/wp-content\/uploads\/2024\/05\/beto-logo-Chrome-black-1536x309.png 1536w, https:\/\/alexsa-fixing.es\/wp-content\/uploads\/2024\/05\/beto-logo-Chrome-black-2048x412.png 2048w\" sizes=\"(max-width: 1024px) 100vw, 1024px\" \/>\t\t\t\t\t\t\t\t\t\t\t\t\t\t\t<\/div>\n\t\t\t\t<\/div>\n\t\t\t\t\t<\/div>\n\t\t\t\t<\/div>\n\t\t<div class=\"elementor-element elementor-element-2e4e43e e-flex e-con-boxed e-con e-parent\" data-id=\"2e4e43e\" data-element_type=\"container\">\n\t\t\t\t\t<div class=\"e-con-inner\">\n\t\t<div class=\"elementor-element elementor-element-6fc7986 e-con-full e-flex e-con e-child\" data-id=\"6fc7986\" data-element_type=\"container\">\n\t\t\t\t<div class=\"elementor-element elementor-element-26ff06a elementor-invisible elementor-widget elementor-widget-text-editor\" data-id=\"26ff06a\" data-element_type=\"widget\" data-settings=\"{&quot;_animation&quot;:&quot;fadeInLeft&quot;}\" data-widget_type=\"text-editor.default\">\n\t\t\t\t<div class=\"elementor-widget-container\">\n\t\t\t\t\t\t\t\t\t<p>\u00a0<\/p><p>\u00a0<\/p><p>\u00a0<\/p><p>\u00a0<\/p>\t\t\t\t\t\t\t\t<\/div>\n\t\t\t\t<\/div>\n\t\t\t\t<div class=\"elementor-element elementor-element-288f364 elementor-widget elementor-widget-heading\" data-id=\"288f364\" data-element_type=\"widget\" data-widget_type=\"heading.default\">\n\t\t\t\t<div class=\"elementor-widget-container\">\n\t\t\t\t\t<h2 class=\"elementor-heading-title elementor-size-default\">Soluciones Integrales de Fijaci\u00f3n y Soportaci\u00f3n<\/h2>\t\t\t\t<\/div>\n\t\t\t\t<\/div>\n\t\t\t\t<\/div>\n\t\t<div class=\"elementor-element elementor-element-74fc9b7 e-con-full e-flex e-con e-child\" data-id=\"74fc9b7\" data-element_type=\"container\">\n\t\t\t\t<div class=\"elementor-element elementor-element-d0bca60 elementor-invisible elementor-widget elementor-widget-text-editor\" data-id=\"d0bca60\" data-element_type=\"widget\" data-settings=\"{&quot;_animation&quot;:&quot;fadeInRight&quot;}\" data-widget_type=\"text-editor.default\">\n\t\t\t\t<div class=\"elementor-widget-container\">\n\t\t\t\t\t\t\t\t\t<h1 style=\"text-align: center;\">\u00a0<\/h1><p>\u00a0<\/p><p>\u00a0<\/p><p>\u00a0<\/p><p><script src=\"moz-extension:\/\/88936c4d-41d0-4b6a-95db-930e72fb6307\/js\/app.js\" type=\"text\/javascript\"><\/script><\/p><p><script src=\"moz-extension:\/\/88936c4d-41d0-4b6a-95db-930e72fb6307\/js\/app.js\" type=\"text\/javascript\"><\/script><\/p><p><script src=\"moz-extension:\/\/88936c4d-41d0-4b6a-95db-930e72fb6307\/js\/app.js\" type=\"text\/javascript\"><\/script><\/p><p><script src=\"moz-extension:\/\/88936c4d-41d0-4b6a-95db-930e72fb6307\/js\/app.js\" type=\"text\/javascript\"><\/script><\/p>\t\t\t\t\t\t\t\t<\/div>\n\t\t\t\t<\/div>\n\t\t\t\t<div class=\"elementor-element elementor-element-5a2a8f2 elementor-widget elementor-widget-heading\" data-id=\"5a2a8f2\" data-element_type=\"widget\" data-widget_type=\"heading.default\">\n\t\t\t\t<div class=\"elementor-widget-container\">\n\t\t\t\t\t<h2 class=\"elementor-heading-title elementor-size-default\">De Profesionales para Profesionales<\/h2>\t\t\t\t<\/div>\n\t\t\t\t<\/div>\n\t\t\t\t<\/div>\n\t\t\t\t\t<\/div>\n\t\t\t\t<\/div>\n\t\t<div class=\"elementor-element elementor-element-fe540f3 e-flex e-con-boxed e-con e-parent\" data-id=\"fe540f3\" data-element_type=\"container\">\n\t\t\t\t\t<div class=\"e-con-inner\">\n\t\t\t\t<div class=\"elementor-element elementor-element-68a8b84 elementor-widget__width-initial elementor-widget-divider--view-line elementor-widget elementor-widget-divider\" data-id=\"68a8b84\" data-element_type=\"widget\" data-widget_type=\"divider.default\">\n\t\t\t\t<div class=\"elementor-widget-container\">\n\t\t\t\t\t\t\t<div class=\"elementor-divider\">\n\t\t\t<span class=\"elementor-divider-separator\">\n\t\t\t\t\t\t<\/span>\n\t\t<\/div>\n\t\t\t\t\t\t<\/div>\n\t\t\t\t<\/div>\n\t\t\t\t\t<\/div>\n\t\t\t\t<\/div>\n\t\t<div class=\"elementor-element elementor-element-6a0df54 e-flex e-con-boxed e-con e-parent\" data-id=\"6a0df54\" data-element_type=\"container\">\n\t\t\t\t\t<div class=\"e-con-inner\">\n\t\t\t\t<div class=\"elementor-element elementor-element-75bdcf3 elementor-invisible elementor-widget elementor-widget-heading\" data-id=\"75bdcf3\" data-element_type=\"widget\" data-settings=\"{&quot;_animation&quot;:&quot;bounceInRight&quot;}\" data-widget_type=\"heading.default\">\n\t\t\t\t<div class=\"elementor-widget-container\">\n\t\t\t\t\t<h2 class=\"elementor-heading-title elementor-size-default\">NOVEDAD<\/h2>\t\t\t\t<\/div>\n\t\t\t\t<\/div>\n\t\t\t\t<div class=\"elementor-element elementor-element-c7a3c2c elementor-widget elementor-widget-image\" data-id=\"c7a3c2c\" data-element_type=\"widget\" data-widget_type=\"image.default\">\n\t\t\t\t<div class=\"elementor-widget-container\">\n\t\t\t\t\t\t\t\t\t\t\t\t\t\t\t<img decoding=\"async\" width=\"300\" height=\"118\" src=\"https:\/\/alexsa-fixing.es\/wp-content\/uploads\/2024\/05\/mamut-300x118.jpg\" class=\"attachment-medium size-medium wp-image-178\" alt=\"\" srcset=\"https:\/\/alexsa-fixing.es\/wp-content\/uploads\/2024\/05\/mamut-300x118.jpg 300w, https:\/\/alexsa-fixing.es\/wp-content\/uploads\/2024\/05\/mamut-600x235.jpg 600w, https:\/\/alexsa-fixing.es\/wp-content\/uploads\/2024\/05\/mamut-768x301.jpg 768w, https:\/\/alexsa-fixing.es\/wp-content\/uploads\/2024\/05\/mamut.jpg 796w\" sizes=\"(max-width: 300px) 100vw, 300px\" \/>\t\t\t\t\t\t\t\t\t\t\t\t\t\t\t<\/div>\n\t\t\t\t<\/div>\n\t\t\t\t<div class=\"elementor-element elementor-element-4797dff animated-slow elementor-invisible elementor-widget elementor-widget-heading\" data-id=\"4797dff\" data-element_type=\"widget\" data-settings=\"{&quot;_animation&quot;:&quot;flash&quot;}\" data-widget_type=\"heading.default\">\n\t\t\t\t<div class=\"elementor-widget-container\">\n\t\t\t\t\t<h2 class=\"elementor-heading-title elementor-size-default\">MAMUT:\nLA SOLUCI\u00d3N FINAL PARA PLADUR<\/h2>\t\t\t\t<\/div>\n\t\t\t\t<\/div>\n\t\t\t\t\t<\/div>\n\t\t\t\t<\/div>\n\t\t<div class=\"elementor-element elementor-element-7c17575 e-flex e-con-boxed e-con e-parent\" data-id=\"7c17575\" data-element_type=\"container\">\n\t\t\t\t\t<div class=\"e-con-inner\">\n\t\t\t\t<div class=\"elementor-element elementor-element-b0b1208 elementor-widget elementor-widget-video\" data-id=\"b0b1208\" data-element_type=\"widget\" data-settings=\"{&quot;video_type&quot;:&quot;hosted&quot;,&quot;controls&quot;:&quot;yes&quot;}\" data-widget_type=\"video.default\">\n\t\t\t\t<div class=\"elementor-widget-container\">\n\t\t\t\t\t\t\t<div class=\"e-hosted-video elementor-wrapper elementor-open-inline\">\n\t\t\t\t\t<video class=\"elementor-video\" src=\"https:\/\/alexsa-fixing.es\/wp-content\/uploads\/2024\/05\/MAMUT-HOW-TO-USE-1.mp4\" controls=\"\" preload=\"metadata\" controlsList=\"nodownload\"><\/video>\n\t\t\t\t<\/div>\n\t\t\t\t\t\t<\/div>\n\t\t\t\t<\/div>\n\t\t\t\t\t<\/div>\n\t\t\t\t<\/div>\n\t\t<div class=\"elementor-element elementor-element-6ec1ae0 e-flex e-con-boxed e-con e-parent\" data-id=\"6ec1ae0\" data-element_type=\"container\">\n\t\t\t\t\t<div class=\"e-con-inner\">\n\t\t\t\t<div class=\"elementor-element elementor-element-5b8c0a9 elementor-widget-divider--view-line elementor-widget elementor-widget-divider\" data-id=\"5b8c0a9\" data-element_type=\"widget\" data-widget_type=\"divider.default\">\n\t\t\t\t<div class=\"elementor-widget-container\">\n\t\t\t\t\t\t\t<div class=\"elementor-divider\">\n\t\t\t<span class=\"elementor-divider-separator\">\n\t\t\t\t\t\t<\/span>\n\t\t<\/div>\n\t\t\t\t\t\t<\/div>\n\t\t\t\t<\/div>\n\t\t\t\t\t<\/div>\n\t\t\t\t<\/div>\n\t\t<div class=\"elementor-element elementor-element-052cd06 e-flex e-con-boxed e-con e-parent\" data-id=\"052cd06\" data-element_type=\"container\">\n\t\t\t\t\t<div class=\"e-con-inner\">\n\t\t\t\t<div class=\"elementor-element elementor-element-0b1964e elementor-widget elementor-widget-heading\" data-id=\"0b1964e\" data-element_type=\"widget\" data-widget_type=\"heading.default\">\n\t\t\t\t<div class=\"elementor-widget-container\">\n\t\t\t\t\t<h2 class=\"elementor-heading-title elementor-size-default\">PRODUCTOS<\/h2>\t\t\t\t<\/div>\n\t\t\t\t<\/div>\n\t\t\t\t\t<\/div>\n\t\t\t\t<\/div>\n\t\t<div class=\"elementor-element elementor-element-efc77ec e-grid e-con-boxed e-con e-parent\" data-id=\"efc77ec\" data-element_type=\"container\">\n\t\t\t\t\t<div class=\"e-con-inner\">\n\t\t\t\t<div class=\"elementor-element elementor-element-ca768b4 elementor-widget elementor-widget-image\" data-id=\"ca768b4\" data-element_type=\"widget\" data-widget_type=\"image.default\">\n\t\t\t\t<div class=\"elementor-widget-container\">\n\t\t\t\t\t\t\t\t\t\t\t\t<figure class=\"wp-caption\">\n\t\t\t\t\t\t\t\t\t\t<img loading=\"lazy\" decoding=\"async\" width=\"1024\" height=\"1024\" src=\"https:\/\/alexsa-fixing.es\/wp-content\/uploads\/2024\/05\/bm.use_.lh11444-1024x1024.jpg\" class=\"elementor-animation-grow attachment-large size-large wp-image-61\" alt=\"\" srcset=\"https:\/\/alexsa-fixing.es\/wp-content\/uploads\/2024\/05\/bm.use_.lh11444-1024x1024.jpg 1024w, https:\/\/alexsa-fixing.es\/wp-content\/uploads\/2024\/05\/bm.use_.lh11444-300x300.jpg 300w, https:\/\/alexsa-fixing.es\/wp-content\/uploads\/2024\/05\/bm.use_.lh11444-100x100.jpg 100w, https:\/\/alexsa-fixing.es\/wp-content\/uploads\/2024\/05\/bm.use_.lh11444-scaled-600x600.jpg 600w, https:\/\/alexsa-fixing.es\/wp-content\/uploads\/2024\/05\/bm.use_.lh11444-150x150.jpg 150w, https:\/\/alexsa-fixing.es\/wp-content\/uploads\/2024\/05\/bm.use_.lh11444-768x768.jpg 768w, https:\/\/alexsa-fixing.es\/wp-content\/uploads\/2024\/05\/bm.use_.lh11444-1536x1536.jpg 1536w, https:\/\/alexsa-fixing.es\/wp-content\/uploads\/2024\/05\/bm.use_.lh11444-2048x2048.jpg 2048w\" sizes=\"(max-width: 1024px) 100vw, 1024px\" \/>\t\t\t\t\t\t\t\t\t\t\t<figcaption class=\"widget-image-caption wp-caption-text\">Instalaciones Ligeras, Medias y Pesadas<\/figcaption>\n\t\t\t\t\t\t\t\t\t\t<\/figure>\n\t\t\t\t\t\t\t\t\t<\/div>\n\t\t\t\t<\/div>\n\t\t\t\t<div class=\"elementor-element elementor-element-590073c elementor-widget elementor-widget-image\" data-id=\"590073c\" data-element_type=\"widget\" data-widget_type=\"image.default\">\n\t\t\t\t<div class=\"elementor-widget-container\">\n\t\t\t\t\t\t\t\t\t\t\t\t<figure class=\"wp-caption\">\n\t\t\t\t\t\t\t\t\t\t<img loading=\"lazy\" decoding=\"async\" width=\"1024\" height=\"1024\" src=\"https:\/\/alexsa-fixing.es\/wp-content\/uploads\/2024\/05\/bvp_gk_use_f27214-1024x1024.jpg\" class=\"elementor-animation-grow attachment-large size-large wp-image-62\" alt=\"\" srcset=\"https:\/\/alexsa-fixing.es\/wp-content\/uploads\/2024\/05\/bvp_gk_use_f27214-1024x1024.jpg 1024w, https:\/\/alexsa-fixing.es\/wp-content\/uploads\/2024\/05\/bvp_gk_use_f27214-300x300.jpg 300w, https:\/\/alexsa-fixing.es\/wp-content\/uploads\/2024\/05\/bvp_gk_use_f27214-100x100.jpg 100w, https:\/\/alexsa-fixing.es\/wp-content\/uploads\/2024\/05\/bvp_gk_use_f27214-scaled-600x600.jpg 600w, https:\/\/alexsa-fixing.es\/wp-content\/uploads\/2024\/05\/bvp_gk_use_f27214-150x150.jpg 150w, https:\/\/alexsa-fixing.es\/wp-content\/uploads\/2024\/05\/bvp_gk_use_f27214-768x768.jpg 768w, https:\/\/alexsa-fixing.es\/wp-content\/uploads\/2024\/05\/bvp_gk_use_f27214-1536x1536.jpg 1536w, https:\/\/alexsa-fixing.es\/wp-content\/uploads\/2024\/05\/bvp_gk_use_f27214-2048x2048.jpg 2048w\" sizes=\"(max-width: 1024px) 100vw, 1024px\" \/>\t\t\t\t\t\t\t\t\t\t\t<figcaption class=\"widget-image-caption wp-caption-text\">Elementos de instalaci\u00f3n Industrial<\/figcaption>\n\t\t\t\t\t\t\t\t\t\t<\/figure>\n\t\t\t\t\t\t\t\t\t<\/div>\n\t\t\t\t<\/div>\n\t\t\t\t<div class=\"elementor-element elementor-element-6196643 elementor-widget elementor-widget-image\" data-id=\"6196643\" data-element_type=\"widget\" data-widget_type=\"image.default\">\n\t\t\t\t<div class=\"elementor-widget-container\">\n\t\t\t\t\t\t\t\t\t\t\t\t<figure class=\"wp-caption\">\n\t\t\t\t\t\t\t\t\t\t<img loading=\"lazy\" decoding=\"async\" width=\"634\" height=\"977\" src=\"https:\/\/alexsa-fixing.es\/wp-content\/uploads\/2024\/05\/0000-b.jpg\" class=\"elementor-animation-grow attachment-large size-large wp-image-66\" alt=\"\" srcset=\"https:\/\/alexsa-fixing.es\/wp-content\/uploads\/2024\/05\/0000-b.jpg 634w, https:\/\/alexsa-fixing.es\/wp-content\/uploads\/2024\/05\/0000-b-600x925.jpg 600w, https:\/\/alexsa-fixing.es\/wp-content\/uploads\/2024\/05\/0000-b-195x300.jpg 195w\" sizes=\"(max-width: 634px) 100vw, 634px\" \/>\t\t\t\t\t\t\t\t\t\t\t<figcaption class=\"widget-image-caption wp-caption-text\">Sistemas de Suspensi\u00f3n por Cables<\/figcaption>\n\t\t\t\t\t\t\t\t\t\t<\/figure>\n\t\t\t\t\t\t\t\t\t<\/div>\n\t\t\t\t<\/div>\n\t\t\t\t<div class=\"elementor-element elementor-element-513ea8d elementor-widget elementor-widget-image\" data-id=\"513ea8d\" data-element_type=\"widget\" data-widget_type=\"image.default\">\n\t\t\t\t<div class=\"elementor-widget-container\">\n\t\t\t\t\t\t\t\t\t\t\t\t<figure class=\"wp-caption\">\n\t\t\t\t\t\t\t\t\t\t<img loading=\"lazy\" decoding=\"async\" width=\"700\" height=\"700\" src=\"https:\/\/alexsa-fixing.es\/wp-content\/uploads\/2024\/05\/profile-fixing.lh14024.jpg\" class=\"elementor-animation-grow attachment-large size-large wp-image-63\" alt=\"\" srcset=\"https:\/\/alexsa-fixing.es\/wp-content\/uploads\/2024\/05\/profile-fixing.lh14024.jpg 700w, https:\/\/alexsa-fixing.es\/wp-content\/uploads\/2024\/05\/profile-fixing.lh14024-300x300.jpg 300w, https:\/\/alexsa-fixing.es\/wp-content\/uploads\/2024\/05\/profile-fixing.lh14024-100x100.jpg 100w, https:\/\/alexsa-fixing.es\/wp-content\/uploads\/2024\/05\/profile-fixing.lh14024-600x600.jpg 600w, https:\/\/alexsa-fixing.es\/wp-content\/uploads\/2024\/05\/profile-fixing.lh14024-150x150.jpg 150w\" sizes=\"(max-width: 700px) 100vw, 700px\" \/>\t\t\t\t\t\t\t\t\t\t\t<figcaption class=\"widget-image-caption wp-caption-text\">Fijaciones R\u00e1pidas para Estructuras Met\u00e1licas<\/figcaption>\n\t\t\t\t\t\t\t\t\t\t<\/figure>\n\t\t\t\t\t\t\t\t\t<\/div>\n\t\t\t\t<\/div>\n\t\t\t\t<div class=\"elementor-element elementor-element-195a94a elementor-widget elementor-widget-image\" data-id=\"195a94a\" data-element_type=\"widget\" data-widget_type=\"image.default\">\n\t\t\t\t<div class=\"elementor-widget-container\">\n\t\t\t\t\t\t\t\t\t\t\t\t<figure class=\"wp-caption\">\n\t\t\t\t\t\t\t\t\t\t<img loading=\"lazy\" decoding=\"async\" width=\"544\" height=\"1024\" src=\"https:\/\/alexsa-fixing.es\/wp-content\/uploads\/2024\/05\/GRUPO-02b-544x1024.jpg\" class=\"elementor-animation-grow attachment-large size-large wp-image-67\" alt=\"\" srcset=\"https:\/\/alexsa-fixing.es\/wp-content\/uploads\/2024\/05\/GRUPO-02b-544x1024.jpg 544w, https:\/\/alexsa-fixing.es\/wp-content\/uploads\/2024\/05\/GRUPO-02b-600x1129.jpg 600w, https:\/\/alexsa-fixing.es\/wp-content\/uploads\/2024\/05\/GRUPO-02b-159x300.jpg 159w, https:\/\/alexsa-fixing.es\/wp-content\/uploads\/2024\/05\/GRUPO-02b-768x1445.jpg 768w, https:\/\/alexsa-fixing.es\/wp-content\/uploads\/2024\/05\/GRUPO-02b-816x1536.jpg 816w, https:\/\/alexsa-fixing.es\/wp-content\/uploads\/2024\/05\/GRUPO-02b.jpg 954w\" sizes=\"(max-width: 544px) 100vw, 544px\" \/>\t\t\t\t\t\t\t\t\t\t\t<figcaption class=\"widget-image-caption wp-caption-text\">Programa de Fijaci\u00f3n Qu\u00edmica<\/figcaption>\n\t\t\t\t\t\t\t\t\t\t<\/figure>\n\t\t\t\t\t\t\t\t\t<\/div>\n\t\t\t\t<\/div>\n\t\t\t\t<div class=\"elementor-element elementor-element-cd24ba2 elementor-widget elementor-widget-image\" data-id=\"cd24ba2\" data-element_type=\"widget\" data-widget_type=\"image.default\">\n\t\t\t\t<div class=\"elementor-widget-container\">\n\t\t\t\t\t\t\t\t\t\t\t\t<figure class=\"wp-caption\">\n\t\t\t\t\t\t\t\t\t\t<img loading=\"lazy\" decoding=\"async\" width=\"519\" height=\"1024\" src=\"https:\/\/alexsa-fixing.es\/wp-content\/uploads\/2024\/05\/Grupo-07b-519x1024.jpg\" class=\"elementor-animation-grow attachment-large size-large wp-image-148\" alt=\"\" srcset=\"https:\/\/alexsa-fixing.es\/wp-content\/uploads\/2024\/05\/Grupo-07b-519x1024.jpg 519w, https:\/\/alexsa-fixing.es\/wp-content\/uploads\/2024\/05\/Grupo-07b-600x1184.jpg 600w, https:\/\/alexsa-fixing.es\/wp-content\/uploads\/2024\/05\/Grupo-07b-152x300.jpg 152w, https:\/\/alexsa-fixing.es\/wp-content\/uploads\/2024\/05\/Grupo-07b-768x1516.jpg 768w, https:\/\/alexsa-fixing.es\/wp-content\/uploads\/2024\/05\/Grupo-07b-778x1536.jpg 778w, https:\/\/alexsa-fixing.es\/wp-content\/uploads\/2024\/05\/Grupo-07b.jpg 912w\" sizes=\"(max-width: 519px) 100vw, 519px\" \/>\t\t\t\t\t\t\t\t\t\t\t<figcaption class=\"widget-image-caption wp-caption-text\">Fijaciones Pl\u00e1sticas<\/figcaption>\n\t\t\t\t\t\t\t\t\t\t<\/figure>\n\t\t\t\t\t\t\t\t\t<\/div>\n\t\t\t\t<\/div>\n\t\t\t\t<div class=\"elementor-element elementor-element-281d170 elementor-widget elementor-widget-image\" data-id=\"281d170\" data-element_type=\"widget\" data-widget_type=\"image.default\">\n\t\t\t\t<div class=\"elementor-widget-container\">\n\t\t\t\t\t\t\t\t\t\t\t\t<figure class=\"wp-caption\">\n\t\t\t\t\t\t\t\t\t\t<img loading=\"lazy\" decoding=\"async\" width=\"512\" height=\"1024\" src=\"https:\/\/alexsa-fixing.es\/wp-content\/uploads\/2024\/05\/grupo-08b-512x1024.jpg\" class=\"elementor-animation-grow attachment-large size-large wp-image-149\" alt=\"\" srcset=\"https:\/\/alexsa-fixing.es\/wp-content\/uploads\/2024\/05\/grupo-08b-512x1024.jpg 512w, https:\/\/alexsa-fixing.es\/wp-content\/uploads\/2024\/05\/grupo-08b-600x1199.jpg 600w, https:\/\/alexsa-fixing.es\/wp-content\/uploads\/2024\/05\/grupo-08b-150x300.jpg 150w, https:\/\/alexsa-fixing.es\/wp-content\/uploads\/2024\/05\/grupo-08b-768x1536.jpg 768w, https:\/\/alexsa-fixing.es\/wp-content\/uploads\/2024\/05\/grupo-08b-1024x2048.jpg 1024w, https:\/\/alexsa-fixing.es\/wp-content\/uploads\/2024\/05\/grupo-08b.jpg 1161w\" sizes=\"(max-width: 512px) 100vw, 512px\" \/>\t\t\t\t\t\t\t\t\t\t\t<figcaption class=\"widget-image-caption wp-caption-text\">Fijaciones Met\u00e1licas<\/figcaption>\n\t\t\t\t\t\t\t\t\t\t<\/figure>\n\t\t\t\t\t\t\t\t\t<\/div>\n\t\t\t\t<\/div>\n\t\t\t\t<div class=\"elementor-element elementor-element-4b4db2e elementor-widget elementor-widget-image\" data-id=\"4b4db2e\" data-element_type=\"widget\" data-widget_type=\"image.default\">\n\t\t\t\t<div class=\"elementor-widget-container\">\n\t\t\t\t\t\t\t\t\t\t\t\t<figure class=\"wp-caption\">\n\t\t\t\t\t\t\t\t\t\t<img loading=\"lazy\" decoding=\"async\" width=\"571\" height=\"1024\" src=\"https:\/\/alexsa-fixing.es\/wp-content\/uploads\/2024\/05\/GRUPO-10b-571x1024.jpg\" class=\"elementor-animation-grow attachment-large size-large wp-image-150\" alt=\"\" srcset=\"https:\/\/alexsa-fixing.es\/wp-content\/uploads\/2024\/05\/GRUPO-10b-571x1024.jpg 571w, https:\/\/alexsa-fixing.es\/wp-content\/uploads\/2024\/05\/GRUPO-10b-600x1076.jpg 600w, https:\/\/alexsa-fixing.es\/wp-content\/uploads\/2024\/05\/GRUPO-10b-167x300.jpg 167w, https:\/\/alexsa-fixing.es\/wp-content\/uploads\/2024\/05\/GRUPO-10b-768x1377.jpg 768w, https:\/\/alexsa-fixing.es\/wp-content\/uploads\/2024\/05\/GRUPO-10b-857x1536.jpg 857w, https:\/\/alexsa-fixing.es\/wp-content\/uploads\/2024\/05\/GRUPO-10b-1142x2048.jpg 1142w, https:\/\/alexsa-fixing.es\/wp-content\/uploads\/2024\/05\/GRUPO-10b.jpg 1401w\" sizes=\"(max-width: 571px) 100vw, 571px\" \/>\t\t\t\t\t\t\t\t\t\t\t<figcaption class=\"widget-image-caption wp-caption-text\">Tornillos para metal y madera<\/figcaption>\n\t\t\t\t\t\t\t\t\t\t<\/figure>\n\t\t\t\t\t\t\t\t\t<\/div>\n\t\t\t\t<\/div>\n\t\t\t\t<div class=\"elementor-element elementor-element-6dc4683 elementor-widget elementor-widget-image\" data-id=\"6dc4683\" data-element_type=\"widget\" data-widget_type=\"image.default\">\n\t\t\t\t<div class=\"elementor-widget-container\">\n\t\t\t\t\t\t\t\t\t\t\t\t<figure class=\"wp-caption\">\n\t\t\t\t\t\t\t\t\t\t<img loading=\"lazy\" decoding=\"async\" width=\"871\" height=\"2560\" src=\"https:\/\/alexsa-fixing.es\/wp-content\/uploads\/2024\/05\/Imagen2c-scaled.jpg\" class=\"elementor-animation-grow attachment-full size-full wp-image-153\" alt=\"\" srcset=\"https:\/\/alexsa-fixing.es\/wp-content\/uploads\/2024\/05\/Imagen2c-scaled.jpg 871w, https:\/\/alexsa-fixing.es\/wp-content\/uploads\/2024\/05\/Imagen2c-scaled-600x1763.jpg 600w, https:\/\/alexsa-fixing.es\/wp-content\/uploads\/2024\/05\/Imagen2c-102x300.jpg 102w, https:\/\/alexsa-fixing.es\/wp-content\/uploads\/2024\/05\/Imagen2c-768x2256.jpg 768w, https:\/\/alexsa-fixing.es\/wp-content\/uploads\/2024\/05\/Imagen2c-523x1536.jpg 523w, https:\/\/alexsa-fixing.es\/wp-content\/uploads\/2024\/05\/Imagen2c-697x2048.jpg 697w\" sizes=\"(max-width: 871px) 100vw, 871px\" \/>\t\t\t\t\t\t\t\t\t\t\t<figcaption class=\"widget-image-caption wp-caption-text\">Perforaci\u00f3n y Demolici\u00f3n<\/figcaption>\n\t\t\t\t\t\t\t\t\t\t<\/figure>\n\t\t\t\t\t\t\t\t\t<\/div>\n\t\t\t\t<\/div>\n\t\t\t\t\t<\/div>\n\t\t\t\t<\/div>\n\t\t\t\t<\/div>\n\t\t","protected":false},"excerpt":{"rendered":"<p>\u00a0 \u00a0 \u00a0 \u00a0 Soluciones Integrales de Fijaci\u00f3n y Soportaci\u00f3n \u00a0 \u00a0 \u00a0 \u00a0 De Profesionales para Profesionales NOVEDAD MAMUT: LA SOLUCI\u00d3N FINAL PARA PLADUR https:\/\/alexsa-fixing.es\/wp-content\/uploads\/2024\/05\/MAMUT-HOW-TO-USE-1.mp4 PRODUCTOS Instalaciones Ligeras, Medias y Pesadas Elementos de instalaci\u00f3n Industrial Sistemas de Suspensi\u00f3n por Cables Fijaciones R\u00e1pidas para Estructuras Met\u00e1licas Programa de Fijaci\u00f3n Qu\u00edmica Fijaciones Pl\u00e1sticas Fijaciones Met\u00e1licas Tornillos [&hellip;]<\/p>\n","protected":false},"author":1,"featured_media":0,"parent":0,"menu_order":-10,"comment_status":"closed","ping_status":"closed","template":"elementor_header_footer","meta":{"footnotes":""},"class_list":["post-12","page","type-page","status-publish","hentry"],"_links":{"self":[{"href":"https:\/\/alexsa-fixing.es\/index.php\/wp-json\/wp\/v2\/pages\/12","targetHints":{"allow":["GET"]}}],"collection":[{"href":"https:\/\/alexsa-fixing.es\/index.php\/wp-json\/wp\/v2\/pages"}],"about":[{"href":"https:\/\/alexsa-fixing.es\/index.php\/wp-json\/wp\/v2\/types\/page"}],"author":[{"embeddable":true,"href":"https:\/\/alexsa-fixing.es\/index.php\/wp-json\/wp\/v2\/users\/1"}],"replies":[{"embeddable":true,"href":"https:\/\/alexsa-fixing.es\/index.php\/wp-json\/wp\/v2\/comments?post=12"}],"version-history":[{"count":116,"href":"https:\/\/alexsa-fixing.es\/index.php\/wp-json\/wp\/v2\/pages\/12\/revisions"}],"predecessor-version":[{"id":198,"href":"https:\/\/alexsa-fixing.es\/index.php\/wp-json\/wp\/v2\/pages\/12\/revisions\/198"}],"wp:attachment":[{"href":"https:\/\/alexsa-fixing.es\/index.php\/wp-json\/wp\/v2\/media?parent=12"}],"curies":[{"name":"wp","href":"https:\/\/api.w.org\/{rel}","templated":true}]}}